{"id":827,"date":"2019-06-03T17:14:14","date_gmt":"2019-06-03T17:14:14","guid":{"rendered":"http:\/\/www.menzenberg.com\/?page_id=827"},"modified":"2019-06-03T17:14:14","modified_gmt":"2019-06-03T17:14:14","slug":"themen-fuer-coaching-oder-aufstellungsarbeit","status":"publish","type":"page","link":"https:\/\/steffi-eller.com\/?page_id=827","title":{"rendered":"Themen f\u00fcr Coaching oder Aufstellungsarbeit"},"content":{"rendered":"\n<table class=\"wp-block-table\"><thead><tr><td><strong>Themen <\/strong><\/td><\/tr><\/thead><tbody><tr><td><strong>sowohl bei Privatkunden als auch bei Unternehmen<\/strong><\/td><td><\/td><\/tr><tr><td>\u00dcbernahme neuer Aufgagben <\/td><td><\/td><\/tr><tr><td>Wiedereinstieg nach l\u00e4ngerer Abwesenheit <\/td><td><\/td><\/tr><tr><td>Abgrenzung Beruf und Privat<\/td><td><\/td><\/tr><tr><td>Lebenskrisen<\/td><td><\/td><\/tr><tr><td>Rollenkl\u00e4rung beruflich und privat<\/td><td><\/td><\/tr><tr><td>Menschenf\u00fchrung \u2013 Kinder oder Mitarbeiter<\/td><td><\/td><\/tr><tr><td>Unternehmensnachfolge<\/td><\/tr><tr><td>Umgang mit Stress, \u00dcberforderung, Unterforderung <\/td><td><\/td><\/tr><tr><td>schwierige Entscheidungen<\/td><td><\/td><\/tr><tr><td>wie verkaufe ich mich\/mein Unternehmen stimmig?<\/td><td><\/td><\/tr><tr><td> Unternehmensentwicklung<\/td><td><\/td><\/tr><tr><td> Teamentwicklung  <\/td><\/tr><\/tbody><\/table>\n","protected":false},"excerpt":{"rendered":"<p>Themen sowohl bei Privatkunden als auch bei Unternehmen \u00dcbernahme neuer Aufgagben Wiedereinstieg nach l\u00e4ngerer Abwesenheit Abgrenzung Beruf und Privat Lebenskrisen Rollenkl\u00e4rung beruflich und privat Menschenf\u00fchrung \u2013 Kinder oder Mitarbeiter Unternehmensnachfolge Umgang mit Stress, \u00dcberforderung, Unterforderung schwierige Entscheidungen wie verkaufe ich mich\/mein Unternehmen stimmig? Unternehmensentwicklung Teamentwicklung<\/p>\n","protected":false},"author":1,"featured_media":0,"parent":0,"menu_order":0,"comment_status":"closed","ping_status":"closed","template":"","meta":{"footnotes":""},"class_list":["post-827","page","type-page","status-publish","hentry"],"_links":{"self":[{"href":"https:\/\/steffi-eller.com\/index.php?rest_route=\/wp\/v2\/pages\/827","targetHints":{"allow":["GET"]}}],"collection":[{"href":"https:\/\/steffi-eller.com\/index.php?rest_route=\/wp\/v2\/pages"}],"about":[{"href":"https:\/\/steffi-eller.com\/index.php?rest_route=\/wp\/v2\/types\/page"}],"author":[{"embeddable":true,"href":"https:\/\/steffi-eller.com\/index.php?rest_route=\/wp\/v2\/users\/1"}],"replies":[{"embeddable":true,"href":"https:\/\/steffi-eller.com\/index.php?rest_route=%2Fwp%2Fv2%2Fcomments&post=827"}],"version-history":[{"count":1,"href":"https:\/\/steffi-eller.com\/index.php?rest_route=\/wp\/v2\/pages\/827\/revisions"}],"predecessor-version":[{"id":830,"href":"https:\/\/steffi-eller.com\/index.php?rest_route=\/wp\/v2\/pages\/827\/revisions\/830"}],"wp:attachment":[{"href":"https:\/\/steffi-eller.com\/index.php?rest_route=%2Fwp%2Fv2%2Fmedia&parent=827"}],"curies":[{"name":"wp","href":"https:\/\/api.w.org\/{rel}","templated":true}]}}