{"id":759,"date":"2019-06-03T09:54:25","date_gmt":"2019-06-03T09:54:25","guid":{"rendered":"http:\/\/www.menzenberg.com\/?page_id=759"},"modified":"2023-08-31T15:59:05","modified_gmt":"2023-08-31T13:59:05","slug":"aufstellungen","status":"publish","type":"page","link":"https:\/\/steffi-eller.com\/?page_id=759","title":{"rendered":"Aufstellungen"},"content":{"rendered":"\n<p>Die Unterscheidung in Privatperson und Menschen im Beruf ist k\u00fcnstlich und deshalb  fremd.  Keiner ist nur privat oder nur im Job. Jeder hat seine  Position. Im Leben, in der Familie, in der Freizeit, im Beruf. <br>Es  geht darum die f\u00fcr Sie richtige Rolle zu finden. Die Position in der Sie  kraftvoll durch das Leben gehen k\u00f6nnen &#8211; ohne Energieverlust.  Nur dort  wo Sie richtig sind k\u00f6nnen Sie viel bewirken &#8211; und es f\u00fchlt sich leicht  an.   Daneben sind wir Mitglieder einer sich schnell ver\u00e4ndernden Gesellschaft.  Ich berate Sie gerne dabei f\u00fcr sich das richtige Format zu finden. Rufen Sie gerne an: 0172 2524548<\/p>\n\n\n\n<p>Genau deswegen biete ich auch zwei offene Aufstellungsgruppen an<\/p>\n\n\n\n<p> &#8222;Aufstellungen rund um Beruf und Familie&#8220; <\/p>\n\n\n\n<p>&#8222;Systemaufstellung Werkstatt-Abende&#8220; an.  <\/p>\n\n\n\n<p>und &#8222;Einzelaufstellungen&#8220;<\/p>\n\n\n<div class=\"wp-block-image\">\n<figure class=\"alignright\"><img decoding=\"async\" src=\"https:\/\/steffi-eller.com\/wp-content\/uploads\/2019\/02\/grafik.png\" alt=\"Dieses Bild hat ein leeres Alt-Attribut. Der Dateiname ist grafik.png\"\/><\/figure><\/div>\n\n\n<ul class=\"wp-block-list\">\n<li>experimentelles Ann\u00e4hern an \u00fcbergreifene Themen (Politik, Gender, Zeitgeist, Kirche, Spiritualit\u00e4t und mehr) <\/li>\n\n\n\n<li>wo ist mein Platz <\/li>\n\n\n\n<li><a href=\"https:\/\/steffi-eller.com\/?page_id=266(\u00f6ffnet in neuem Tab)\">Rollenkl\u00e4rung im Beruf<\/a>  <\/li>\n\n\n\n<li><a href=\"https:\/\/steffi-eller.com\/?page_id=266(\u00f6ffnet in neuem Tab)\">Abgrenzung Beruf und Privat<\/a><\/li>\n\n\n\n<li>Lebenskrisen<\/li>\n\n\n\n<li> Umgang mit Stress, \u00dcberforderung, Unterforderung   <\/li>\n\n\n\n<li>Wiedereinstieg nach l\u00e4ngerer Abwesenheit<\/li>\n\n\n\n<li> <a href=\"https:\/\/steffi-eller.com\/?page_id=250(\u00f6ffnet in neuem Tab)\">\u00dcbernahme neuer Aufgaben \/ F\u00fchrung von Mitarbeitern<\/a> <\/li>\n<\/ul>\n\n\n\n<p> <br><br><br><a href=\"https:\/\/steffi-eller.com\/?page_id=277\">Termine<\/a> <\/p>\n","protected":false},"excerpt":{"rendered":"<p>Genau deswegen biete ich auch zwei offene Aufstellungsgruppen an &#8222;Aufstellungen rund um Beruf und Familie&#8220; &#8222;Systemaufstellung Werkstatt-Abende&#8220; an. und &#8222;Einzelaufstellungen&#8220; Termine<\/p>\n","protected":false},"author":1,"featured_media":0,"parent":0,"menu_order":0,"comment_status":"closed","ping_status":"closed","template":"","meta":{"footnotes":""},"class_list":["post-759","page","type-page","status-publish","hentry"],"_links":{"self":[{"href":"https:\/\/steffi-eller.com\/index.php?rest_route=\/wp\/v2\/pages\/759","targetHints":{"allow":["GET"]}}],"collection":[{"href":"https:\/\/steffi-eller.com\/index.php?rest_route=\/wp\/v2\/pages"}],"about":[{"href":"https:\/\/steffi-eller.com\/index.php?rest_route=\/wp\/v2\/types\/page"}],"author":[{"embeddable":true,"href":"https:\/\/steffi-eller.com\/index.php?rest_route=\/wp\/v2\/users\/1"}],"replies":[{"embeddable":true,"href":"https:\/\/steffi-eller.com\/index.php?rest_route=%2Fwp%2Fv2%2Fcomments&post=759"}],"version-history":[{"count":8,"href":"https:\/\/steffi-eller.com\/index.php?rest_route=\/wp\/v2\/pages\/759\/revisions"}],"predecessor-version":[{"id":1394,"href":"https:\/\/steffi-eller.com\/index.php?rest_route=\/wp\/v2\/pages\/759\/revisions\/1394"}],"wp:attachment":[{"href":"https:\/\/steffi-eller.com\/index.php?rest_route=%2Fwp%2Fv2%2Fmedia&parent=759"}],"curies":[{"name":"wp","href":"https:\/\/api.w.org\/{rel}","templated":true}]}}