{"id":607,"date":"2019-02-13T09:32:47","date_gmt":"2019-02-13T09:32:47","guid":{"rendered":"http:\/\/new.menzenberg.com\/?page_id=607"},"modified":"2025-04-17T12:37:43","modified_gmt":"2025-04-17T10:37:43","slug":"themen","status":"publish","type":"page","link":"https:\/\/steffi-eller.com\/?page_id=607","title":{"rendered":"Referenzen und Kundenstimmen"},"content":{"rendered":"\n<figure class=\"wp-block-image size-full is-resized\"><img loading=\"lazy\" decoding=\"async\" width=\"204\" height=\"72\" src=\"https:\/\/steffi-eller.com\/wp-content\/uploads\/2025\/04\/logo.png\" alt=\"\" class=\"wp-image-1625\" style=\"width:201px;height:auto\"\/><\/figure>\n\n\n<p>anerkanntes Mitglied der DGfS <\/p>\n<p><strong>O-T\u00f6ne<\/strong><\/p>\n<p><em>Ich befinde mich mit meiner Agentur in einem Change-Prozess. Als Werbeagentur gilt es, sich immer neu zu erfinden und den sich permanenten Ver\u00e4nderungen an Kommunikation anzupassen und auch den aktuellen Zeitgeist im Blick zu haben. In der logischen Konsequenz hat das Auswirkung auf die Zusammenarbeit im Team und der organisatorischen Aufstellung.<\/em><\/p>\n<p><em>Im Rahmen einer systemischen Aufstellung mit Stefanie Eller konnte ich die organisatorische Aufstellung meines Unternehmens visualisieren und plastisch greifbar machen, die anstehenden Herausforderungen im Change-Prozess und die Wechselwirkungen innerhalb meines Teams \u2013 aber auch aus der Sichtweise unserer Kunden betrachten. Der Perspektivwechsel und Blick in die verschiedenen Dimensionen hat in sehr kurzer Zeit zu sehr wichtige Hinweisen und Erkenntnissen gef\u00fchrt, die den Ver\u00e4nderungsprozess nun ma\u00dfgeblich beeinflussen. Ich bin \u00fcberzeugt, dass durch die Aufstellungsarbeit Fehler vermieden und die Qualit\u00e4t gesteigert werden kann.<\/em><\/p>\n<p><em>\u00a0<\/em><em>Stefanie Eller hat die Aufstellung gekonnt moderiert und die Wesentlichen Fragen gestellt \u2013 ohne dabei die Erkenntnisse zu beeinflussen. <\/em><\/p>\n<p><em>Ich bin begeistert, wie viele Aspekte im Rahmen der Aufstellung \u00a0greifbar wurden und gerade emotionale Einflussfaktoren sichtbar wurden, die bei einer rein schematischen Betrachtung sicherlich keine \u2013 oder eine untergeordnete Rollen spielen w\u00fcrden.<\/em><\/p>\n<p><em>\u00a0<\/em><em>Nicole H\u00f6lscher<br \/>Gesch\u00e4ftsf\u00fchrende Gesellschafterin <\/em><\/p>\n<p><em>Kreativ Konzept Agentur f\u00fcr Werbung GmbH<\/em><\/p>\n<p><!--StartFragment--><\/p>\n<p><!--StartFragment--><\/p>\n\n\n<p>Eine Auswahl von Unternehmen die ich begleiten durfte: <\/p>\n\n\n\n<figure class=\"wp-block-table\"><table><thead><tr><td><strong>Kunden  <\/strong><\/td><\/tr><\/thead><tbody><tr><td>Biscuits Delacre \/ Campbell Soup (K\u00f6ln)<\/td><td><a href=\"https:\/\/steffi-eller.com\/referenz.html?referenz=7\"><\/a><\/td><\/tr><tr><td>buddy e.V.<\/td><td><a href=\"https:\/\/steffi-eller.com\/referenz.html?referenz=19\"><\/a><\/td><\/tr><tr><td>Deutsche Post AG \/ DHL<\/td><td><a href=\"https:\/\/steffi-eller.com\/referenz.html?referenz=17\"><\/a><\/td><\/tr><tr><td>Di\u00f6zesan Caritasverband Mainz<\/td><td><a href=\"https:\/\/steffi-eller.com\/referenz.html?referenz=37\"><\/a><\/td><\/tr><tr><td>Einrichtungshaus Walkembach<\/td><td><a href=\"https:\/\/steffi-eller.com\/referenz.html?referenz=56\"><\/a><\/td><\/tr><tr><td>eye square &#8211; User &amp; Brand Research, Berlin<\/td><td><a href=\"https:\/\/steffi-eller.com\/referenz.html?referenz=63\"><\/a><\/td><\/tr><tr><td>FGM Market Insights <\/td><td><a href=\"https:\/\/steffi-eller.com\/referenz.html?referenz=77\"><\/a><\/td><\/tr><tr><td>hbk Partner Hamburg<\/td><td><a href=\"https:\/\/steffi-eller.com\/referenz.html?referenz=64\"><\/a><\/td><\/tr><tr><td>HEUTE UND MORGEN GmbH<\/td><td><a href=\"https:\/\/steffi-eller.com\/referenz.html?referenz=85\"><\/a><\/td><\/tr><tr><td>HL Display<\/td><td><a href=\"https:\/\/steffi-eller.com\/referenz.html?referenz=11\"><\/a><\/td><\/tr><tr><td>Intersnack Knabber-Geb\u00e4ck GmbH &amp; Co. KG<\/td><td><a href=\"https:\/\/steffi-eller.com\/referenz.html?referenz=12\"><\/a><\/td><\/tr><tr><td>LGI Logistics Group International GmbH<\/td><td><a href=\"https:\/\/steffi-eller.com\/referenz.html?referenz=76\"><\/a><\/td><\/tr><tr><td>LINK Institut f\u00fcr Markt- und Sozialforschung GmbH<\/td><td><a href=\"https:\/\/steffi-eller.com\/referenz.html?referenz=79\"><\/a><\/td><\/tr><tr><td>Palletways Deutschland GmbH<\/td><td><a href=\"https:\/\/steffi-eller.com\/referenz.html?referenz=55\"><\/a><\/td><\/tr><tr><td>Procter &amp; Gamble<\/td><td><a href=\"https:\/\/steffi-eller.com\/referenz.html?referenz=18\"><\/a><\/td><\/tr><tr><td>PS Partnership Wiedemann GmbH<\/td><td><a href=\"https:\/\/steffi-eller.com\/referenz.html?referenz=80\"><\/a><\/td><\/tr><tr><td>SolarWorld AG<\/td><td><a href=\"https:\/\/steffi-eller.com\/referenz.html?referenz=36\"><\/a><\/td><\/tr><tr><td>TEMA-Q Technik und Management f\u00fcr Qualit\u00e4t GmbH<\/td><td><a href=\"https:\/\/steffi-eller.com\/referenz.html?referenz=78\"><\/a><\/td><\/tr><tr><td>Theron Management Advisors AG<\/td><td><a href=\"https:\/\/steffi-eller.com\/referenz.html?referenz=20\"><\/a><\/td><\/tr><tr><td>THIMM Consulting GmbH + Co. KG <\/td><td><a href=\"https:\/\/steffi-eller.com\/referenz.html?referenz=8\"><\/a><\/td><\/tr><tr><td>UGW AG<\/td><td><a href=\"https:\/\/steffi-eller.com\/referenz.html?referenz=14\"><\/a><\/td><\/tr><tr><td>United Biscuits<\/td><td><a href=\"https:\/\/steffi-eller.com\/referenz.html?referenz=13\"><\/a><\/td><\/tr><tr><td>VARTA<\/td><td><a href=\"https:\/\/steffi-eller.com\/referenz.html?referenz=15\"><\/a><\/td><\/tr><tr><td>Wensauer &amp; Partner<\/td><td><a href=\"https:\/\/steffi-eller.com\/referenz.html?referenz=35\"><\/a><\/td><\/tr><tr><td>Yello Strom<\/td><td><a href=\"https:\/\/steffi-eller.com\/referenz.html?referenz=16\"><\/a><\/td><\/tr><tr><td>Zwanziggramm<\/td><td><a href=\"https:\/\/steffi-eller.com\/referenz.html?referenz=57\"><\/a><\/td><\/tr><\/tbody><\/table><\/figure>\n\n\n<p><!--EndFragment--><\/p>\n<\/p>\n\n\n<p><\/p>\n\n\n<p><!--EndFragment--><\/p>\n<\/p>","protected":false},"excerpt":{"rendered":"<p>anerkanntes Mitglied der DGfS O-T\u00f6ne Ich befinde mich mit meiner Agentur in einem Change-Prozess. Als Werbeagentur gilt es, sich immer neu zu erfinden und den sich permanenten Ver\u00e4nderungen an Kommunikation anzupassen und auch den aktuellen Zeitgeist im Blick zu haben. In der logischen Konsequenz hat das Auswirkung auf die Zusammenarbeit im Team und der organisatorischen &hellip; <\/p>\n<p class=\"link-more\"><a href=\"https:\/\/steffi-eller.com\/?page_id=607\" class=\"more-link\"><span class=\"screen-reader-text\">\u201eReferenzen und Kundenstimmen\u201c<\/span> weiterlesen<\/a><\/p>\n","protected":false},"author":1,"featured_media":0,"parent":0,"menu_order":0,"comment_status":"closed","ping_status":"closed","template":"","meta":{"footnotes":""},"class_list":["post-607","page","type-page","status-publish","hentry"],"_links":{"self":[{"href":"https:\/\/steffi-eller.com\/index.php?rest_route=\/wp\/v2\/pages\/607","targetHints":{"allow":["GET"]}}],"collection":[{"href":"https:\/\/steffi-eller.com\/index.php?rest_route=\/wp\/v2\/pages"}],"about":[{"href":"https:\/\/steffi-eller.com\/index.php?rest_route=\/wp\/v2\/types\/page"}],"author":[{"embeddable":true,"href":"https:\/\/steffi-eller.com\/index.php?rest_route=\/wp\/v2\/users\/1"}],"replies":[{"embeddable":true,"href":"https:\/\/steffi-eller.com\/index.php?rest_route=%2Fwp%2Fv2%2Fcomments&post=607"}],"version-history":[{"count":17,"href":"https:\/\/steffi-eller.com\/index.php?rest_route=\/wp\/v2\/pages\/607\/revisions"}],"predecessor-version":[{"id":1626,"href":"https:\/\/steffi-eller.com\/index.php?rest_route=\/wp\/v2\/pages\/607\/revisions\/1626"}],"wp:attachment":[{"href":"https:\/\/steffi-eller.com\/index.php?rest_route=%2Fwp%2Fv2%2Fmedia&parent=607"}],"curies":[{"name":"wp","href":"https:\/\/api.w.org\/{rel}","templated":true}]}}