{"id":6,"date":"2018-12-18T09:30:52","date_gmt":"2018-12-18T09:30:52","guid":{"rendered":"http:\/\/new.menzenberg.com\/?page_id=6"},"modified":"2019-06-11T14:00:49","modified_gmt":"2019-06-11T14:00:49","slug":"systemische-workshops","status":"publish","type":"page","link":"https:\/\/steffi-eller.com\/?page_id=6","title":{"rendered":"systemische Workshops f\u00fcr Unternehmen"},"content":{"rendered":"\n<p><br><\/p>\n\n\n\n<p><strong>unternehmensbezogenene Themen f\u00fcr Organisationsaufstellungen:<\/strong><\/p>\n\n\n\n<ul class=\"wp-block-list\"><li>Unternehmensentwicklung <\/li><li>Strategie (Entwicklung, Kl\u00e4ren, Kommunizieren)<\/li><li>Markenworkshops<\/li><li>Teamentwicklung <\/li><li>Unternehmensnachfolge<\/li><\/ul>\n\n\n\n<p>ein paar konkrete Arbeits-Beispiele finden Sie hier<\/p>\n\n\n\n<p><strong>individuelle Themen:<\/strong><br><a href=\"https:\/\/steffi-eller.com\/?page_id=250(\u00f6ffnet in neuem Tab)\">\u00dcbernahme neuer Aufgaben \/ F\u00fchrung von Mitarbeitern<\/a><br>Wiedereinstieg nach l\u00e4ngerer Abwesenheit<a href=\"http:\/\/www.systemischewerkstatt.com\/?page_id=6\"><br><\/a><a href=\"https:\/\/steffi-eller.com\/?page_id=266(\u00f6ffnet in neuem Tab)\">Rollenkl\u00e4rung im Beruf<br>Abgrenzung Beruf und Privat<\/a><br>Lebenskrisen<a href=\"http:\/\/www.systemischewerkstatt.com\/?page_id=48\"><br><\/a>Umgang mit Stress, \u00dcberforderung, Unterforderung<\/p>\n\n\n\n<p><br><\/p>\n","protected":false},"excerpt":{"rendered":"<p>unternehmensbezogenene Themen f\u00fcr Organisationsaufstellungen: Unternehmensentwicklung Strategie (Entwicklung, Kl\u00e4ren, Kommunizieren) Markenworkshops Teamentwicklung Unternehmensnachfolge ein paar konkrete Arbeits-Beispiele finden Sie hier individuelle Themen:\u00dcbernahme neuer Aufgaben \/ F\u00fchrung von MitarbeiternWiedereinstieg nach l\u00e4ngerer AbwesenheitRollenkl\u00e4rung im BerufAbgrenzung Beruf und PrivatLebenskrisenUmgang mit Stress, \u00dcberforderung, Unterforderung<\/p>\n","protected":false},"author":1,"featured_media":0,"parent":0,"menu_order":0,"comment_status":"closed","ping_status":"closed","template":"","meta":{"footnotes":""},"class_list":["post-6","page","type-page","status-publish","hentry"],"_links":{"self":[{"href":"https:\/\/steffi-eller.com\/index.php?rest_route=\/wp\/v2\/pages\/6","targetHints":{"allow":["GET"]}}],"collection":[{"href":"https:\/\/steffi-eller.com\/index.php?rest_route=\/wp\/v2\/pages"}],"about":[{"href":"https:\/\/steffi-eller.com\/index.php?rest_route=\/wp\/v2\/types\/page"}],"author":[{"embeddable":true,"href":"https:\/\/steffi-eller.com\/index.php?rest_route=\/wp\/v2\/users\/1"}],"replies":[{"embeddable":true,"href":"https:\/\/steffi-eller.com\/index.php?rest_route=%2Fwp%2Fv2%2Fcomments&post=6"}],"version-history":[{"count":17,"href":"https:\/\/steffi-eller.com\/index.php?rest_route=\/wp\/v2\/pages\/6\/revisions"}],"predecessor-version":[{"id":872,"href":"https:\/\/steffi-eller.com\/index.php?rest_route=\/wp\/v2\/pages\/6\/revisions\/872"}],"wp:attachment":[{"href":"https:\/\/steffi-eller.com\/index.php?rest_route=%2Fwp%2Fv2%2Fmedia&parent=6"}],"curies":[{"name":"wp","href":"https:\/\/api.w.org\/{rel}","templated":true}]}}