{"id":288,"date":"2018-12-27T21:27:22","date_gmt":"2018-12-27T21:27:22","guid":{"rendered":"http:\/\/new.menzenberg.com\/?page_id=288"},"modified":"2023-08-31T15:42:44","modified_gmt":"2023-08-31T13:42:44","slug":"ueber-mich","status":"publish","type":"page","link":"https:\/\/steffi-eller.com\/?page_id=288","title":{"rendered":"\u00fcber mich"},"content":{"rendered":"\n<p>Abgeschlossens <strong>Studium in BWL mit Schwerpunkt Marketing und Personal- und Ausbidlungswesen<\/strong>, Hochschule Mainz II.<\/p>\n\n\n\n<p><strong>Langj\u00e4hrige Erfahrung<\/strong> in verschiedenen Unternehmen im <strong>Marketing und Vertrieb <\/strong>(Jade Cosmetic, Werner+Mertz, Mainz, Biscuits Delacre, K\u00f6ln, Solarworld, Bonn).<\/p>\n\n\n\n<p>1999 wurde ich selbstst\u00e4ndig als <strong>Inhaberin von Menzenberg Beratung und Training<\/strong>. Zun\u00e4chst war ich in vielen Unternehmen als Interim-Manager im Bereich Marketing t\u00e4tig. Auf Kundenanfrage  \u00fcbernahm ich die Durchf\u00fchrung von Workshops im Bereich Strategie-Entwicklung, Kreativ-Workshops und Einzel-Coachings. Hinzu kam die Entwicklung von Marken-Aufstellugen &#8211; als Spezialgebiet innerhalb der Organisationsaufstellungen und seit 2008 auch Aufstellungen in der Einzelarbeit.<\/p>\n\n\n\n<p>Seit 2023 Konzentration auf Aufstellungsarbeit im pers\u00f6nlichen Bereich ohne Menzenberg mit Steffi Eller.  <\/p>\n\n\n\n<h4 class=\"wp-block-heading\"><strong>Weiterbildungen <\/strong>  <\/h4>\n\n\n\n<ul class=\"wp-block-list\">\n<li>2001 <strong>Familien- und Organisationsaufstellungen<\/strong> (Dr. Wilfried Nelles, Nettersheim) <\/li>\n\n\n\n<li>2006 <strong>Coaching Ausbildung<\/strong> (Rhein-Main-University, Wiesbaden  <\/li>\n\n\n\n<li>2019 + 2022 Grundlagen der <strong>Kunsttherapie<\/strong> und Aufbaukurs (Paracelsus, Mainz)    <\/li>\n\n\n\n<li>2019 <strong>Burn-out und Resilienz<\/strong>-Berater (Paracelsus, Mainz)<\/li>\n\n\n\n<li>2022 <strong>QiGong <\/strong>Trainerin (Terramedus, Frankfurt)<\/li>\n<\/ul>\n\n\n\n<div class=\"wp-block-group\"><div class=\"wp-block-group__inner-container is-layout-flow wp-block-group-is-layout-flow\"><\/div><\/div>\n\n\n\n<p><strong>Regelm\u00e4\u00dfige Fortbildungen im Bereich Aufstellungsarbeit und Coaching<\/strong>, u.a. Hunter Beaumont: Auf der Suche nach einer systemischen Ethik, Marianne Franke-Gricksch: F\u00fchrung und Hingabe im Beruf und Alltag, Dr. Friedrich Assel\u00e4nder: Wertsch\u00f6pfung und Gewinnabsch\u00f6pfung \u2013 Werteorientierung im Unternehmen, Barbara Inneken: Begegnung mit lebensbegleitenden Polarit\u00e4ten, Familienaufstellung bei verschieden Kolleg\/innen, Organisationsaufstellung bei Gunthard Weber und Dr. Friedrich Assel\u00e4nder. <\/p>\n\n\n\n<p><strong>Mitgliedschaften<\/strong><\/p>\n\n\n\n<p><a rel=\"noreferrer noopener\" href=\"http:\/\/www.familienaufstellung.org\" target=\"_blank\">DGfS <\/a> (Deutsche Gesellschaft f\u00fcr Systemaufstellungen) &#8211; zertifizierte Aufstellerin <\/p>\n\n\n\n<p>Verein <a rel=\"noreferrer noopener\" href=\"http:\/\/gesundheit-lebenskunstev.de\/\" target=\"_blank\">Gesundheit und Lebenskunst e.V. <\/a>Hochheim<\/p>\n\n\n\n<p><strong>Kontakt:<\/strong> Steffi Eller  65239 Hochheim am Main &#8211;  Telefon: +49 172 2524548          Email:  <a href=\"mailto:e-mail@steffi-eller.com\">e-mail@steffi-eller.com<\/a>. <\/p>\n\n\n\n<p>Inhaltlich verantwortlich gem. \u00a7 6 MDStV: Stefanie Eller.<\/p>\n\n\n\n<p><\/p>\n","protected":false},"excerpt":{"rendered":"<p>Abgeschlossens Studium in BWL mit Schwerpunkt Marketing und Personal- und Ausbidlungswesen, Hochschule Mainz II. Langj\u00e4hrige Erfahrung in verschiedenen Unternehmen im Marketing und Vertrieb (Jade Cosmetic, Werner+Mertz, Mainz, Biscuits Delacre, K\u00f6ln, Solarworld, Bonn). 1999 wurde ich selbstst\u00e4ndig als Inhaberin von Menzenberg Beratung und Training. Zun\u00e4chst war ich in vielen Unternehmen als Interim-Manager im Bereich Marketing t\u00e4tig. &hellip; <\/p>\n<p class=\"link-more\"><a href=\"https:\/\/steffi-eller.com\/?page_id=288\" class=\"more-link\"><span class=\"screen-reader-text\">\u201e\u00fcber mich\u201c<\/span> weiterlesen<\/a><\/p>\n","protected":false},"author":1,"featured_media":857,"parent":0,"menu_order":0,"comment_status":"closed","ping_status":"closed","template":"","meta":{"footnotes":""},"class_list":["post-288","page","type-page","status-publish","has-post-thumbnail","hentry"],"_links":{"self":[{"href":"https:\/\/steffi-eller.com\/index.php?rest_route=\/wp\/v2\/pages\/288","targetHints":{"allow":["GET"]}}],"collection":[{"href":"https:\/\/steffi-eller.com\/index.php?rest_route=\/wp\/v2\/pages"}],"about":[{"href":"https:\/\/steffi-eller.com\/index.php?rest_route=\/wp\/v2\/types\/page"}],"author":[{"embeddable":true,"href":"https:\/\/steffi-eller.com\/index.php?rest_route=\/wp\/v2\/users\/1"}],"replies":[{"embeddable":true,"href":"https:\/\/steffi-eller.com\/index.php?rest_route=%2Fwp%2Fv2%2Fcomments&post=288"}],"version-history":[{"count":28,"href":"https:\/\/steffi-eller.com\/index.php?rest_route=\/wp\/v2\/pages\/288\/revisions"}],"predecessor-version":[{"id":1389,"href":"https:\/\/steffi-eller.com\/index.php?rest_route=\/wp\/v2\/pages\/288\/revisions\/1389"}],"wp:featuredmedia":[{"embeddable":true,"href":"https:\/\/steffi-eller.com\/index.php?rest_route=\/wp\/v2\/media\/857"}],"wp:attachment":[{"href":"https:\/\/steffi-eller.com\/index.php?rest_route=%2Fwp%2Fv2%2Fmedia&parent=288"}],"curies":[{"name":"wp","href":"https:\/\/api.w.org\/{rel}","templated":true}]}}