{"id":266,"date":"2018-12-27T21:30:35","date_gmt":"2018-12-27T21:30:35","guid":{"rendered":"http:\/\/new.menzenberg.com\/?page_id=266"},"modified":"2019-02-13T13:26:09","modified_gmt":"2019-02-13T13:26:09","slug":"rollenkonflikte-verursachen-stress","status":"publish","type":"page","link":"https:\/\/steffi-eller.com\/?page_id=266","title":{"rendered":"Rollenkonflikte verursachen Stress"},"content":{"rendered":"\n<p><strong>Haben Sie Ihren Platz gefunden?<\/strong> <\/p>\n\n\n\n<p>Ich biete Ihnen die M\u00f6glichkeit Ihre Situation \/ Rolle von verschiedenen Seiten zu betrachten und in einem anderen Licht zu sehen und so bisher noch ungedachten L\u00f6sungen zu finden.<\/p>\n\n\n\n<p>Die Arbeit findet in Kleingruppen \/ Werkstattgruppen oder auch mit einzelnen Personen statt und ich wende dabei <a href=\"http:\/\/new.menzenberg.com\/?page_id=277(\u00f6ffnet in neuem Tab)\">systemische Aufstellungen<\/a> und klassische Coaching-Methoden an.<\/p>\n\n\n\n<p><strong>beispielhaft einige Themen:<\/strong><\/p>\n\n\n\n<ul class=\"wp-block-list\"><li>Doppelfunktion in Familie und am Arbeitsplatz<\/li><li>Schwierigkeiten mit Kollegen, Vorgesetzten, Mitarbeitern<\/li><li>Umgang mit K\u00fcndigung<\/li><li>neu im Job \/ Orientierung<\/li><li>Vorbereitung auf Auslandsaufenthalt<\/li><li>Umgang mit dem Gef\u00fchl am falschen Platz zu sein &#8230;.<\/li><\/ul>\n\n\n\n<p>Das sind nur einige der Themen, die Sie bearbeiten und zu guten L\u00f6sungen bringen k\u00f6nnen. Ich unterst\u00fctze Sie, begleite Sie und gehe mit Ihnen in Ihrem Tempo durch Ihren Prozess.<\/p>\n","protected":false},"excerpt":{"rendered":"<p>Haben Sie Ihren Platz gefunden? Ich biete Ihnen die M\u00f6glichkeit Ihre Situation \/ Rolle von verschiedenen Seiten zu betrachten und in einem anderen Licht zu sehen und so bisher noch ungedachten L\u00f6sungen zu finden. Die Arbeit findet in Kleingruppen \/ Werkstattgruppen oder auch mit einzelnen Personen statt und ich wende dabei systemische Aufstellungen und klassische &hellip; <\/p>\n<p class=\"link-more\"><a href=\"https:\/\/steffi-eller.com\/?page_id=266\" class=\"more-link\"><span class=\"screen-reader-text\">\u201eRollenkonflikte verursachen Stress\u201c<\/span> weiterlesen<\/a><\/p>\n","protected":false},"author":1,"featured_media":0,"parent":0,"menu_order":0,"comment_status":"closed","ping_status":"closed","template":"","meta":{"footnotes":""},"class_list":["post-266","page","type-page","status-publish","hentry"],"_links":{"self":[{"href":"https:\/\/steffi-eller.com\/index.php?rest_route=\/wp\/v2\/pages\/266","targetHints":{"allow":["GET"]}}],"collection":[{"href":"https:\/\/steffi-eller.com\/index.php?rest_route=\/wp\/v2\/pages"}],"about":[{"href":"https:\/\/steffi-eller.com\/index.php?rest_route=\/wp\/v2\/types\/page"}],"author":[{"embeddable":true,"href":"https:\/\/steffi-eller.com\/index.php?rest_route=\/wp\/v2\/users\/1"}],"replies":[{"embeddable":true,"href":"https:\/\/steffi-eller.com\/index.php?rest_route=%2Fwp%2Fv2%2Fcomments&post=266"}],"version-history":[{"count":3,"href":"https:\/\/steffi-eller.com\/index.php?rest_route=\/wp\/v2\/pages\/266\/revisions"}],"predecessor-version":[{"id":663,"href":"https:\/\/steffi-eller.com\/index.php?rest_route=\/wp\/v2\/pages\/266\/revisions\/663"}],"wp:attachment":[{"href":"https:\/\/steffi-eller.com\/index.php?rest_route=%2Fwp%2Fv2%2Fmedia&parent=266"}],"curies":[{"name":"wp","href":"https:\/\/api.w.org\/{rel}","templated":true}]}}