{"id":23,"date":"2018-12-18T09:30:50","date_gmt":"2018-12-18T09:30:50","guid":{"rendered":"http:\/\/new.menzenberg.com\/?page_id=23"},"modified":"2023-08-31T15:49:02","modified_gmt":"2023-08-31T13:49:02","slug":"coaching","status":"publish","type":"page","link":"https:\/\/steffi-eller.com\/?page_id=23","title":{"rendered":"Coaching"},"content":{"rendered":"\n<h1 class=\"wp-block-heading\"> <br><strong>mein Angebot an alle Interessenten &#8211; eine Online Probe-Stunde (30 min)  f\u00fcr 15,-\u20ac &#8211; anrufen oder mailen und Termin vereinbaren<\/strong>  <a href=\"mailto:e-mail@steffi-eller.com\">e-mail@steffi-eller.com<\/a><\/h1>\n\n\n\n<p><strong>F\u00fcr viele von uns hat sich im Leben durch Corona etwas ge\u00e4ndert , wir stehen vor neuen Herausforderungen in der Familie, im Beruf oder auch als Selbst\u00e4ndige.<\/strong><\/p>\n\n\n\n<h2 class=\"wp-block-heading\">Neue Perspektiven und Handlungsm\u00f6glichkeiten suchen und finden<br><\/h2>\n\n\n\n<p>Einzel-Coaching ist eine Oase f\u00fcr Sie. Sie und nur Sie stehen im Mittelpunkt. Gleich mit welchem Anliegen &#8211; aus ihrem privaten Bereich oder aus dem beruflichen Umfeld.  Nach meiner Erfahrung sind die Grenzen sehr oft fliessend. <\/p>\n\n\n\n<p>Sie bekommen Zeit bewu\u00dft zu reflektieren und mit Situationen aus einer anderen Perspektive zu betrachten. Das bef\u00e4higt Sie andere L\u00f6sungsans\u00e4tze zu finden und auszuprobieren. Somit wird es Ihnen  leichter mit H\u00fcrden oder Schwierigkeiten umzugehen, da sich Ihr&nbsp;Spektrum der  Handlungsalternativen w\u00e4hrend des Coaching-Prozesses erweitert.&nbsp;<\/p>\n\n\n\n<p>Fachbezogene&nbsp;Themen&nbsp;k\u00f6nnen im Rahmen&nbsp;von Strategiefindung und Marketingthemen nach vorheriger Abstimmung eingebracht werden.<\/p>\n\n\n\n<p>Wir arbeiten mit Ihren St\u00e4rken, ich h\u00f6re Ihnen zu. Ich stimme meine Methoden auf Sie und Ihre Zielsetzung ab: <\/p>\n\n\n\n<p> &#8222;Dialog mit dem innerne Kind&#8220;, Phantasiereisen, Einzelaufstellungen, Methoden der Kunsttherapie &#8230; Wir betrachten  vielleicht gemeinsam Ihre inneren Bilder oder nutzen andere Methoden &#8211;&nbsp;  die jedoch immer nur mit Ihrer ausdr\u00fccklichen Zustimmung zur Anwendung  kommen. Das erm\u00f6glichet Ihnen Ihre eigenen&nbsp;L\u00f6sungsans\u00e4tze  oder Handlungsalternativen zu entwickeln.&nbsp;&nbsp;&nbsp;<br> &nbsp;<\/p>\n\n\n\n<figure class=\"wp-block-image\"><img loading=\"lazy\" decoding=\"async\" width=\"1024\" height=\"683\" src=\"http:\/\/new.menzenberg.com\/wp-content\/uploads\/2018\/12\/rawpixel-659503-unsplash-1024x683.jpg\" alt=\"\" class=\"wp-image-38\" srcset=\"https:\/\/steffi-eller.com\/wp-content\/uploads\/2018\/12\/rawpixel-659503-unsplash-1024x683.jpg 1024w, https:\/\/steffi-eller.com\/wp-content\/uploads\/2018\/12\/rawpixel-659503-unsplash-300x200.jpg 300w, https:\/\/steffi-eller.com\/wp-content\/uploads\/2018\/12\/rawpixel-659503-unsplash-768x512.jpg 768w, https:\/\/steffi-eller.com\/wp-content\/uploads\/2018\/12\/rawpixel-659503-unsplash-150x100.jpg 150w\" sizes=\"auto, (max-width: 767px) 89vw, (max-width: 1000px) 54vw, (max-width: 1071px) 543px, 580px\" \/><\/figure>\n\n\n\n<p><br> <br><\/p>\n\n\n\n<p><strong><br>auch noch interessant:<\/strong><\/p>\n\n\n\n<p>Coaching ist eine Begleitung auf begrenzte Zeit.<\/p>\n\n\n\n<p>Die Dauer&nbsp;wird vorher gekl\u00e4rt. \u00dcblicherweise dauert die Bearbeitung eines Anliegens ca. 5-10 Besprechungen.<\/p>\n\n\n\n<p>Das Coaching ist beendet, sobald Sie &#8211; als der Coachee &#8211; &nbsp;Wege \ngefunden haben, wie Sie mit Ihrem Anliegen in Zukunft umgehen und das \nauch praktisch probiert haben, so dass Sie sicher sind, das Sie den \nrichtigen Weg einschlagen.&nbsp;<\/p>\n\n\n\n<p>So kann Coaching zur Ihrer langfristigen&nbsp;Weiterentwicklung beitragen.<\/p>\n","protected":false},"excerpt":{"rendered":"<p>mein Angebot an alle Interessenten &#8211; eine Online Probe-Stunde (30 min) f\u00fcr 15,-\u20ac &#8211; anrufen oder mailen und Termin vereinbaren e-mail@steffi-eller.com F\u00fcr viele von uns hat sich im Leben durch Corona etwas ge\u00e4ndert , wir stehen vor neuen Herausforderungen in der Familie, im Beruf oder auch als Selbst\u00e4ndige. Neue Perspektiven und Handlungsm\u00f6glichkeiten suchen und finden &hellip; <\/p>\n<p class=\"link-more\"><a href=\"https:\/\/steffi-eller.com\/?page_id=23\" class=\"more-link\"><span class=\"screen-reader-text\">\u201eCoaching\u201c<\/span> weiterlesen<\/a><\/p>\n","protected":false},"author":1,"featured_media":854,"parent":0,"menu_order":0,"comment_status":"closed","ping_status":"closed","template":"","meta":{"footnotes":""},"class_list":["post-23","page","type-page","status-publish","has-post-thumbnail","hentry"],"_links":{"self":[{"href":"https:\/\/steffi-eller.com\/index.php?rest_route=\/wp\/v2\/pages\/23","targetHints":{"allow":["GET"]}}],"collection":[{"href":"https:\/\/steffi-eller.com\/index.php?rest_route=\/wp\/v2\/pages"}],"about":[{"href":"https:\/\/steffi-eller.com\/index.php?rest_route=\/wp\/v2\/types\/page"}],"author":[{"embeddable":true,"href":"https:\/\/steffi-eller.com\/index.php?rest_route=\/wp\/v2\/users\/1"}],"replies":[{"embeddable":true,"href":"https:\/\/steffi-eller.com\/index.php?rest_route=%2Fwp%2Fv2%2Fcomments&post=23"}],"version-history":[{"count":12,"href":"https:\/\/steffi-eller.com\/index.php?rest_route=\/wp\/v2\/pages\/23\/revisions"}],"predecessor-version":[{"id":1391,"href":"https:\/\/steffi-eller.com\/index.php?rest_route=\/wp\/v2\/pages\/23\/revisions\/1391"}],"wp:featuredmedia":[{"embeddable":true,"href":"https:\/\/steffi-eller.com\/index.php?rest_route=\/wp\/v2\/media\/854"}],"wp:attachment":[{"href":"https:\/\/steffi-eller.com\/index.php?rest_route=%2Fwp%2Fv2%2Fmedia&parent=23"}],"curies":[{"name":"wp","href":"https:\/\/api.w.org\/{rel}","templated":true}]}}