{"id":1535,"date":"2025-01-07T19:38:46","date_gmt":"2025-01-07T18:38:46","guid":{"rendered":"https:\/\/steffi-eller.com\/?page_id=1535"},"modified":"2025-01-07T19:49:08","modified_gmt":"2025-01-07T18:49:08","slug":"workshopreihe-kompass-durch-die-zeit","status":"publish","type":"page","link":"https:\/\/steffi-eller.com\/?page_id=1535","title":{"rendered":"Workshopreihe &#8222;Kompass durch die Zeit&#8220;"},"content":{"rendered":"\n<p><strong>In Kooperation mit dem Verein Gesundheit und Lebenskunst e.V. in Hochheim<\/strong><\/p>\n\n\n<div class=\"wp-block-image\">\n<figure class=\"alignright size-large is-resized\"><img loading=\"lazy\" decoding=\"async\" width=\"1024\" height=\"681\" src=\"https:\/\/steffi-eller.com\/wp-content\/uploads\/2025\/01\/compass-4033440_1280-1024x681.jpg\" alt=\"\" class=\"wp-image-1534\" style=\"width:292px;height:auto\" srcset=\"https:\/\/steffi-eller.com\/wp-content\/uploads\/2025\/01\/compass-4033440_1280-1024x681.jpg 1024w, https:\/\/steffi-eller.com\/wp-content\/uploads\/2025\/01\/compass-4033440_1280-300x199.jpg 300w, https:\/\/steffi-eller.com\/wp-content\/uploads\/2025\/01\/compass-4033440_1280-768x511.jpg 768w, https:\/\/steffi-eller.com\/wp-content\/uploads\/2025\/01\/compass-4033440_1280.jpg 1280w\" sizes=\"auto, (max-width: 767px) 89vw, (max-width: 1000px) 54vw, (max-width: 1071px) 543px, 580px\" \/><\/figure><\/div>\n\n\n<p>\u201eAus den verschiedensten Gr\u00fcnden haben wir als Gesellschaft und auch als Individuen aufgegeben auf unseren K\u00f6rper zu vertrauen und damit haben wir auch aufgegeben uns selbst zu vertrauen.\u201c<\/p>\n\n\n\n<p>Die anstehende Workshopreihe soll uns unterst\u00fctzen unsere innere Stimme wieder wahrzunehmen und ihr zu vertrauen.<\/p>\n\n\n\n<p>Mit der Veranstaltungsreihe \u201eKompass durch die Zeit\u201c bietet sich die M\u00f6glichkeit dieses Wissen wieder zu aktivieren. Also, zu merken, wenn wir unsere Energie verlieren und innenzuhalten. Nachzuschauen, was da passiert und somit \u00fcber uns zu lernen.<\/p>\n\n\n\n<p>Wir arbeiten im kleinen, vertrauten Kreis. Mit K\u00f6rpererfahrung z.B. durch Atmen oder Qi Gong, mit Meditation, Wahrnehmungs\u00fcbungen und mit kurzen Sequenzen der Aufstellungsmethode. Der Schwerpunkt des Workshops liegt auf der Wiedererlangung oder Sch\u00e4rfung unserer Wahrnehmung. &nbsp;Gruppenanliegen werden ber\u00fccksichtigt. Wir schauen auf z.B. unser inneres Team, unsere Chakren, unsere Eltern und Ahnen, unvollendete Abschiede, unser inneres Kind. Es geht darum nicht nur auf \u00e4u\u00dfere Einfl\u00fcsse zu reagieren, sondern unsere innere Stimme wieder zu h\u00f6ren.<\/p>\n\n\n\n<p>Vertraulichkeit ist gewahrt.<\/p>\n\n\n\n<p>am 28. Januar 2025 findet die kostenlose Info-Veranstaltung statt.<\/p>\n\n\n\n<p>Bei den weiteren Terminen bitten wir um ein Beitrag von 20\u20ac je Abend.<\/p>\n\n\n\n<p><\/p>\n\n\n\n<h2 class=\"wp-block-heading\"><\/h2>\n\n\n\n<h2 class=\"wp-block-heading\"><\/h2>\n\n\n\n<p><\/p>\n","protected":false},"excerpt":{"rendered":"<p>In Kooperation mit dem Verein Gesundheit und Lebenskunst e.V. in Hochheim \u201eAus den verschiedensten Gr\u00fcnden haben wir als Gesellschaft und auch als Individuen aufgegeben auf unseren K\u00f6rper zu vertrauen und damit haben wir auch aufgegeben uns selbst zu vertrauen.\u201c Die anstehende Workshopreihe soll uns unterst\u00fctzen unsere innere Stimme wieder wahrzunehmen und ihr zu vertrauen. Mit &hellip; <\/p>\n<p class=\"link-more\"><a href=\"https:\/\/steffi-eller.com\/?page_id=1535\" class=\"more-link\"><span class=\"screen-reader-text\">\u201eWorkshopreihe &#8222;Kompass durch die Zeit&#8220;\u201c<\/span> weiterlesen<\/a><\/p>\n","protected":false},"author":1,"featured_media":0,"parent":0,"menu_order":0,"comment_status":"closed","ping_status":"closed","template":"","meta":{"footnotes":""},"class_list":["post-1535","page","type-page","status-publish","hentry"],"_links":{"self":[{"href":"https:\/\/steffi-eller.com\/index.php?rest_route=\/wp\/v2\/pages\/1535","targetHints":{"allow":["GET"]}}],"collection":[{"href":"https:\/\/steffi-eller.com\/index.php?rest_route=\/wp\/v2\/pages"}],"about":[{"href":"https:\/\/steffi-eller.com\/index.php?rest_route=\/wp\/v2\/types\/page"}],"author":[{"embeddable":true,"href":"https:\/\/steffi-eller.com\/index.php?rest_route=\/wp\/v2\/users\/1"}],"replies":[{"embeddable":true,"href":"https:\/\/steffi-eller.com\/index.php?rest_route=%2Fwp%2Fv2%2Fcomments&post=1535"}],"version-history":[{"count":4,"href":"https:\/\/steffi-eller.com\/index.php?rest_route=\/wp\/v2\/pages\/1535\/revisions"}],"predecessor-version":[{"id":1544,"href":"https:\/\/steffi-eller.com\/index.php?rest_route=\/wp\/v2\/pages\/1535\/revisions\/1544"}],"wp:attachment":[{"href":"https:\/\/steffi-eller.com\/index.php?rest_route=%2Fwp%2Fv2%2Fmedia&parent=1535"}],"curies":[{"name":"wp","href":"https:\/\/api.w.org\/{rel}","templated":true}]}}