{"id":1502,"date":"2024-04-24T13:12:11","date_gmt":"2024-04-24T11:12:11","guid":{"rendered":"https:\/\/steffi-eller.com\/?page_id=1502"},"modified":"2024-04-24T13:12:11","modified_gmt":"2024-04-24T11:12:11","slug":"einzel-aufstellungen","status":"publish","type":"page","link":"https:\/\/steffi-eller.com\/?page_id=1502","title":{"rendered":"Einzel-Aufstellungen"},"content":{"rendered":"\n<p>In einigen Situationen m\u00f6chte man sich lieber alleine seinem Thema n\u00e4hern. Auch das geht. Ich biete Einzel-Aufstellungen an. Die Termine sind flexibel und die Ergebnisse &#8211; so die R\u00fcckmeldungen &#8211; hilfreich. <\/p>\n\n\n\n<p>Informationen zur Vorgehensweise  gebe ich in den <a href=\"https:\/\/steffi-eller.com\/wp-admin\/post.php?post=1203&amp;action=edit\">kostenlosen Online-Infoveranstaltungen <\/a> oder auch gerne <a href=\"https:\/\/steffi-eller.com\/wp-admin\/post.php?post=119&amp;action=edit\">telefonisch<\/a>. <\/p>\n\n\n\n<figure class=\"wp-block-image size-full\"><img loading=\"lazy\" decoding=\"async\" width=\"640\" height=\"480\" src=\"https:\/\/steffi-eller.com\/wp-content\/uploads\/2019\/02\/IMG_7640.jpg\" alt=\"\" class=\"wp-image-615\" srcset=\"https:\/\/steffi-eller.com\/wp-content\/uploads\/2019\/02\/IMG_7640.jpg 640w, https:\/\/steffi-eller.com\/wp-content\/uploads\/2019\/02\/IMG_7640-300x225.jpg 300w\" sizes=\"auto, (max-width: 640px) 100vw, 640px\" \/><figcaption class=\"wp-element-caption\">es geht auch zu zweit <\/figcaption><\/figure>\n","protected":false},"excerpt":{"rendered":"<p>In einigen Situationen m\u00f6chte man sich lieber alleine seinem Thema n\u00e4hern. Auch das geht. Ich biete Einzel-Aufstellungen an. Die Termine sind flexibel und die Ergebnisse &#8211; so die R\u00fcckmeldungen &#8211; hilfreich. Informationen zur Vorgehensweise gebe ich in den kostenlosen Online-Infoveranstaltungen oder auch gerne telefonisch.<\/p>\n","protected":false},"author":1,"featured_media":0,"parent":0,"menu_order":0,"comment_status":"closed","ping_status":"closed","template":"","meta":{"footnotes":""},"class_list":["post-1502","page","type-page","status-publish","hentry"],"_links":{"self":[{"href":"https:\/\/steffi-eller.com\/index.php?rest_route=\/wp\/v2\/pages\/1502","targetHints":{"allow":["GET"]}}],"collection":[{"href":"https:\/\/steffi-eller.com\/index.php?rest_route=\/wp\/v2\/pages"}],"about":[{"href":"https:\/\/steffi-eller.com\/index.php?rest_route=\/wp\/v2\/types\/page"}],"author":[{"embeddable":true,"href":"https:\/\/steffi-eller.com\/index.php?rest_route=\/wp\/v2\/users\/1"}],"replies":[{"embeddable":true,"href":"https:\/\/steffi-eller.com\/index.php?rest_route=%2Fwp%2Fv2%2Fcomments&post=1502"}],"version-history":[{"count":3,"href":"https:\/\/steffi-eller.com\/index.php?rest_route=\/wp\/v2\/pages\/1502\/revisions"}],"predecessor-version":[{"id":1508,"href":"https:\/\/steffi-eller.com\/index.php?rest_route=\/wp\/v2\/pages\/1502\/revisions\/1508"}],"wp:attachment":[{"href":"https:\/\/steffi-eller.com\/index.php?rest_route=%2Fwp%2Fv2%2Fmedia&parent=1502"}],"curies":[{"name":"wp","href":"https:\/\/api.w.org\/{rel}","templated":true}]}}