{"id":140,"date":"2018-05-20T17:08:49","date_gmt":"2018-05-20T17:08:49","guid":{"rendered":"https:\/\/demo.keonthemes.com\/business-consultr\/?page_id=15"},"modified":"2024-04-24T13:22:54","modified_gmt":"2024-04-24T11:22:54","slug":"front","status":"publish","type":"page","link":"https:\/\/steffi-eller.com\/","title":{"rendered":"Steffi Eller &#8211; Systemaufstellungen und mehr"},"content":{"rendered":"\n<p><\/p>\n\n\n\n<p>Ich biete Coaching und Beratung f\u00fcr alle Themen <strong>rund um Familie und Beruf.<\/strong> Ich arbeite systemisch &#8211; was bedeutet, dass bei der Arbeit alle System-Mitglieder einbezogen. Neben dem systemischen  <strong>Coaching<\/strong> biete ich eine breite Methoden-Auswahl: <strong>Systemaufstellungen <\/strong>(auch als Einzelsetting),  <strong>Werkstatt Abende <\/strong>Systemaufstellungen, Methoden aus der Einfl\u00fcsse der <strong>Kunsttherapie<\/strong>, Entspannungs- und Aktivierung durch beeinflusst durch QiGong. <\/p>\n\n\n\n<p>Mein Angebot umfasst Einzelsettings, Kleingruppen-Beratung und offene Seminare f\u00fcr jedermann\/-frau.&nbsp;<\/p>\n\n\n\n<p><strong>regelm\u00e4\u00dfige Angebote<\/strong>  (zusammen mit dem <a href=\"https:\/\/www.gesundheit-lebenskunstev.de\/\">Verein Gesundheit und Lebenskunst, Hochheim e.V.<\/a>) &#8211; <strong><a href=\"https:\/\/steffi-eller.com\/?page_id=277\">Termine<\/a> <\/strong><\/p>\n\n\n\n<p>Kostenlose <strong>Informationsveranstaltung zu systemischen Aufstellungen<\/strong> <a href=\"https:\/\/steffi-eller.com\/?page_id=1203\" data-type=\"URL\" data-id=\"https:\/\/steffi-eller.com\/?page_id=1203\">mehr<\/a><\/p>\n\n\n\n<p>offene <strong>Aufstellungs-Workshops &#8222;rund um Familie und Beruf&#8220;<\/strong> in Hochheim  &#8211; ideal f\u00fcr alle aus Mainz, Wiesbaden, Frankfurt und Darmstadt <a href=\"https:\/\/steffi-eller.com\/?page_id=1217\">mehr<\/a><\/p>\n\n\n\n<p>regelm\u00e4\u00dfige <strong>Systemaufstellung Werkstatt Abende<\/strong> zum Kennenlernen und Experimentieren &#8211; in Hochheim <a href=\"https:\/\/steffi-eller.com\/?page_id=1373\">mehr<\/a> <\/p>\n\n\n\n<p><strong>Einzelcoaching<\/strong> oder <strong><a href=\"https:\/\/steffi-eller.com\/?page_id=1502\">Einzel-Aufstellunge<\/a>n<\/strong> und oder Kleingruppen <strong>Coachings <\/strong> mehr<\/p>\n\n\n\n<p>Einzelcoaching rund um pers\u00f6nliche oder famili\u00e4re Themen Resilienz-Coaching (einzel und Klein- Gruppen) und Einzel- und Gruppencoachings (firmen oder vereinsintern und offene Trainings) zu Themen wie Umgang mit Kollegen, die vom Burn-out betroffen waren,  gewaltfreie Kommunikation) Workshops mit der Aufstellungsmethode  (Organisation, Mensch, Familie)<\/p>\n\n\n\n<p><a href=\"http:\/\/new.menzenberg.com\/?page_id=245(\u00f6ffnet in neuem Tab)\"><strong> Themen<\/strong><\/a><\/p>\n\n\n\n<p><strong>pers\u00f6nliche Themen:<\/strong> Konflikte in der Familie,&nbsp; Paarberatung, Bew\u00e4ltigung von Lebenskrisen (schwere Krankheit, Tod eines nahen Menschen), Begleitung bei Ver\u00e4nderungsprozessen wie Scheidung, Umzug und<\/p>\n\n\n\n<p><strong>berufliche Themen:<\/strong> Ver\u00e4nderungen der Aufgabe oder neue Aufgabe &#8211; <a href=\"http:\/\/new.menzenberg.com\/?page_id=250(\u00f6ffnet in neuem Tab)\">F\u00fchren von Mitarbeitern,&nbsp;<\/a>Wiedereinstieg nach l\u00e4ngerer Abwesenheit (Elternzeit, Ausland, Krankheit, Arbeitslosigkeit),&nbsp; <a href=\"http:\/\/new.menzenberg.com\/?page_id=607(\u00f6ffnet in neuem Tab)\">weitere Themen<\/a>&nbsp;<\/p>\n\n\n\n<p>Ich kann nicht alle Themen hier auff\u00fchren. Fragen Sie gerne nach. 0172 2524548 oder schicken Sie mir eine mail: <a href=\"mailto:e-mail@steffi-eller.com\">e-mail@steffi-eller.com<\/a><\/p>\n\n\n\n<p><strong>bisher ungedachte L\u00f6sungen  finden <\/strong><\/p>\n\n\n\n<p>Heute unterst\u00fctze ich Menschen bei ihrer pers\u00f6nlichen Entwicklung in allen Lebensbereichen &#8211; von der Sinnfindung, \u00fcber Themen in der Familie, dem Beruf, nach und bei Lebenskrisen   bei ihrer Weiterentwicklung. <\/p>\n\n\n\n<p>Neben dem Coaching und der systemischen Ausbildung durfte ich gerade von  der Vielfalt  meiner Firmen-Kunden und der Breite der an uns herangetragenen  Aufgaben lernen.  Von unterschiedlichen F\u00fchrungsstrukturen, Kunden &#8211; und Auftraggeberseite, gro\u00dfe wie kleine Unternehmen, Beratung, Coaching und Trainings.  Als Jahrgang 1963 habe ich auch pers\u00f6nlich einige schwierige Situationen durchgestanden und bin daran gewachsen.<\/p>\n\n\n\n<h5 class=\"wp-block-heading\">Konkret<\/h5>\n\n\n\n<figure class=\"wp-block-gallery has-nested-images columns-default is-cropped wp-block-gallery-1 is-layout-flex wp-block-gallery-is-layout-flex\">\n<figure class=\"wp-block-image\"><img loading=\"lazy\" decoding=\"async\" width=\"640\" height=\"480\" data-id=\"511\" src=\"http:\/\/new.menzenberg.com\/wp-content\/uploads\/2019\/02\/IMG_7624.jpg\" alt=\"\" class=\"wp-image-511\" srcset=\"https:\/\/steffi-eller.com\/wp-content\/uploads\/2019\/02\/IMG_7624.jpg 640w, https:\/\/steffi-eller.com\/wp-content\/uploads\/2019\/02\/IMG_7624-300x225.jpg 300w\" sizes=\"auto, (max-width: 640px) 100vw, 640px\" \/><figcaption class=\"wp-element-caption\">Vielfalt, Coaching, Systemische Aufstellungen, Familienaufstellungen<\/figcaption><\/figure>\n<\/figure>\n\n\n\n<p><a href=\"http:\/\/new.menzenberg.com\/?page_id=20(\u00f6ffnet in neuem Tab)\"> <\/a><\/p>\n\n\n\n<p><\/p>\n\n\n\n<p><a href=\"http:\/\/new.menzenberg.com\/?page_id=245(\u00f6ffnet in neuem Tab)\"><\/a><\/p>\n\n\n\n<p><\/p>\n\n\n\n<p><br><\/p>\n","protected":false},"excerpt":{"rendered":"<p>Ich biete Coaching und Beratung f\u00fcr alle Themen rund um Familie und Beruf. Ich arbeite systemisch &#8211; was bedeutet, dass bei der Arbeit alle System-Mitglieder einbezogen. Neben dem systemischen Coaching biete ich eine breite Methoden-Auswahl: Systemaufstellungen (auch als Einzelsetting), Werkstatt Abende Systemaufstellungen, Methoden aus der Einfl\u00fcsse der Kunsttherapie, Entspannungs- und Aktivierung durch beeinflusst durch QiGong. &hellip; <\/p>\n<p class=\"link-more\"><a href=\"https:\/\/steffi-eller.com\/\" class=\"more-link\"><span class=\"screen-reader-text\">\u201eSteffi Eller &#8211; Systemaufstellungen und mehr\u201c<\/span> weiterlesen<\/a><\/p>\n","protected":false},"author":1,"featured_media":511,"parent":0,"menu_order":0,"comment_status":"closed","ping_status":"closed","template":"","meta":{"footnotes":""},"class_list":["post-140","page","type-page","status-publish","has-post-thumbnail","hentry"],"_links":{"self":[{"href":"https:\/\/steffi-eller.com\/index.php?rest_route=\/wp\/v2\/pages\/140","targetHints":{"allow":["GET"]}}],"collection":[{"href":"https:\/\/steffi-eller.com\/index.php?rest_route=\/wp\/v2\/pages"}],"about":[{"href":"https:\/\/steffi-eller.com\/index.php?rest_route=\/wp\/v2\/types\/page"}],"author":[{"embeddable":true,"href":"https:\/\/steffi-eller.com\/index.php?rest_route=\/wp\/v2\/users\/1"}],"replies":[{"embeddable":true,"href":"https:\/\/steffi-eller.com\/index.php?rest_route=%2Fwp%2Fv2%2Fcomments&post=140"}],"version-history":[{"count":40,"href":"https:\/\/steffi-eller.com\/index.php?rest_route=\/wp\/v2\/pages\/140\/revisions"}],"predecessor-version":[{"id":1511,"href":"https:\/\/steffi-eller.com\/index.php?rest_route=\/wp\/v2\/pages\/140\/revisions\/1511"}],"wp:featuredmedia":[{"embeddable":true,"href":"https:\/\/steffi-eller.com\/index.php?rest_route=\/wp\/v2\/media\/511"}],"wp:attachment":[{"href":"https:\/\/steffi-eller.com\/index.php?rest_route=%2Fwp%2Fv2%2Fmedia&parent=140"}],"curies":[{"name":"wp","href":"https:\/\/api.w.org\/{rel}","templated":true}]}}