{"id":1373,"date":"2023-08-30T17:46:08","date_gmt":"2023-08-30T15:46:08","guid":{"rendered":"http:\/\/www.menzenberg.com\/?page_id=1373"},"modified":"2025-01-09T16:21:48","modified_gmt":"2025-01-09T15:21:48","slug":"systemische-aufstellungs-werkstatt-abende","status":"publish","type":"page","link":"https:\/\/steffi-eller.com\/?page_id=1373","title":{"rendered":"Systemische Aufstellungs-Werkstatt Abende werden zu Blitzlicht-Aufstellungen"},"content":{"rendered":"\n<p>seit 2023 entwickelt sich das Werkstatt Format kontinuierlich weiter. Die Werkstatt bot die M\u00f6glichkeit f\u00fcr Einsteiger Systemaufstellungen live mitzuerleben &#8211; und f\u00fcr Neugierige die Plattform f\u00fcr Experimente mit der Methode und die Aufstellungs-Werkstatt <strong>fand immer unabh\u00e4ngig von der Anzahl der Teilnehmer<\/strong> statt. <\/p>\n\n\n\n<p>Jetzt wird die Werkstatt von zwei Formaten abgel\u00f6st: <\/p>\n\n\n\n<p><strong>Workshopreihe &#8222;Kompass durch die Zeit<\/strong>&#8220; <a href=\"https:\/\/steffi-eller.com\/?page_id=1535\">https:\/\/steffi-eller.com\/?page_id=1535<\/a> und den<\/p>\n\n\n\n<p><strong>&#8222;Blitzlicht-Aufstellungen&#8220;<\/strong> ein klassisches Aufstellungsformat im Rhytmus von ca. alle 8 Wochen jeweils donnerstags von 19h bis 21h.<\/p>\n\n\n\n<p>Eine Anmeldung ist jeweils notwendig.  <\/p>\n\n\n\n<p>Die Blitzlicht-Aufstellung ist ein klassisches Aufstellungsformat mit einer Mindestteilnehmerzahl von 3 Personen. Hier geht es um einen schnellen \u00dcberblick \u00fcber ein Thema. Manchmal reicht das schon und ein andermal m\u00f6chte man das Anliegen noch genauer anschauen. <\/p>\n\n\n\n<figure class=\"wp-block-image size-full\"><img loading=\"lazy\" decoding=\"async\" width=\"512\" height=\"580\" src=\"https:\/\/steffi-eller.com\/wp-content\/uploads\/2025\/01\/Blitzaufstellung-2.jpg\" alt=\"\" class=\"wp-image-1550\" srcset=\"https:\/\/steffi-eller.com\/wp-content\/uploads\/2025\/01\/Blitzaufstellung-2.jpg 512w, https:\/\/steffi-eller.com\/wp-content\/uploads\/2025\/01\/Blitzaufstellung-2-265x300.jpg 265w\" sizes=\"auto, (max-width: 512px) 100vw, 512px\" \/><\/figure>\n\n\n\n<p>Falls es mehr braucht: Dann entweder bei einer Einzel-Aufstellung oder bei einem der Sonntags-Termine &#8222;Aufstellung rund um Familie und Beruf&#8220; <a href=\"https:\/\/steffi-eller.com\/?page_id=1217\" data-type=\"page\" data-id=\"1217\">offene Aufstellungs-Workshops \u201erund um Familie und Beruf\u201c<\/a><\/p>\n\n\n\n<p>Ver\u00e4nderungen sind \u00fcberall um und in uns im Gange. Es stellen sich st\u00e4ndig neue Fragen. Neuorientierungen stehen an, pers\u00f6nlich, beruflich, gesellschaftlich. Das Format der Systemaufstellungs-Werkstatt bietet den Raum, mit den M\u00f6glichkeiten des kollektiven Wissensfeldes,&nbsp; auf Themen zu schauen und Anregungen und Gedanken mitzunehmen.<\/p>\n\n\n\n<p>Verglichen mit meinem anderen Format \u201cSystemaufstellungen rund um Familie und Beruf\u201c m\u00fcssen die eingebrachten Themen nicht nur pers\u00f6nlicher Natur sein und sie k\u00f6nnen sich auch gerne noch im Prozess befinden. \u00a0Die Blitzlicht-Aufstellung bietet Unterst\u00fctzung bei der Ideenfindung, hilft Blockaden fr\u00fchzeitig zu erkennen und macht aufmerksam, falls noch etwas fehlt.<\/p>\n\n\n\n<p>Regelm\u00e4\u00dfige Aufstellungsarbeit zu\u00a0 Themen wie, z.B. eigene Ziele, Unterst\u00fctzung bei der pers\u00f6nlichen Entscheidungsfindung &#8211; auch f\u00fcr berufliche Themen, Fragen zu Selbstst\u00e4ndigkeit und auch zu gesellschaftlichen Themen wie Zeitgeist, Klima, Gender, Energie, Politik.<\/p>\n\n\n\n<p><strong>F\u00fcr wen:<\/strong><\/p>\n\n\n\n<p>Der Abend ist f\u00fcr alle, die Aufstellungsarbeit live erleben m\u00f6chten, die vor Neuorientierungen stehen und die an Aufstellungsexperimenten interessiert sind.<\/p>\n\n\n\n<p>F\u00fcr die Bearbeitung pers\u00f6nlicher und famili\u00e4rer Themen steht nach wie vor die \u201eAufstellung rund um Familie und Beruf\u201c zur Verf\u00fcgung.<\/p>\n\n\n\n<p>3-4 x j\u00e4hrlich<\/p>\n\n\n\n<p>Gebraucht wird Offenheit, Toleranz und einen gesch\u00fctzten Raum.<\/p>\n\n\n\n<p>Es braucht mindestens drei Teilnehmer,  Eine Anmeldung ist notwendig.  Bei kleinen Gruppen arbeiten wir mit Bodenankern.<\/p>\n\n\n\n<p>Die <strong>Teilnahmegeb\u00fchr<\/strong> betr\u00e4gt (ab Januar 2025):<\/p>\n\n\n\n<p>\u20ac20,00 \u2013 (f\u00fcr Mitglieder des Vereins Gesundheit und Lebenskunst \u20ac15,00)<\/p>\n\n\n\n<p>\u00dcbergreifende Themen k\u00f6nnen gerne eingebracht werden. <\/p>\n\n\n\n<p><\/p>\n","protected":false},"excerpt":{"rendered":"<p>seit 2023 entwickelt sich das Werkstatt Format kontinuierlich weiter. Die Werkstatt bot die M\u00f6glichkeit f\u00fcr Einsteiger Systemaufstellungen live mitzuerleben &#8211; und f\u00fcr Neugierige die Plattform f\u00fcr Experimente mit der Methode und die Aufstellungs-Werkstatt fand immer unabh\u00e4ngig von der Anzahl der Teilnehmer statt. Jetzt wird die Werkstatt von zwei Formaten abgel\u00f6st: Workshopreihe &#8222;Kompass durch die Zeit&#8220; &hellip; <\/p>\n<p class=\"link-more\"><a href=\"https:\/\/steffi-eller.com\/?page_id=1373\" class=\"more-link\"><span class=\"screen-reader-text\">\u201eSystemische Aufstellungs-Werkstatt Abende werden zu Blitzlicht-Aufstellungen\u201c<\/span> weiterlesen<\/a><\/p>\n","protected":false},"author":1,"featured_media":0,"parent":0,"menu_order":0,"comment_status":"closed","ping_status":"closed","template":"","meta":{"footnotes":""},"class_list":["post-1373","page","type-page","status-publish","hentry"],"_links":{"self":[{"href":"https:\/\/steffi-eller.com\/index.php?rest_route=\/wp\/v2\/pages\/1373","targetHints":{"allow":["GET"]}}],"collection":[{"href":"https:\/\/steffi-eller.com\/index.php?rest_route=\/wp\/v2\/pages"}],"about":[{"href":"https:\/\/steffi-eller.com\/index.php?rest_route=\/wp\/v2\/types\/page"}],"author":[{"embeddable":true,"href":"https:\/\/steffi-eller.com\/index.php?rest_route=\/wp\/v2\/users\/1"}],"replies":[{"embeddable":true,"href":"https:\/\/steffi-eller.com\/index.php?rest_route=%2Fwp%2Fv2%2Fcomments&post=1373"}],"version-history":[{"count":7,"href":"https:\/\/steffi-eller.com\/index.php?rest_route=\/wp\/v2\/pages\/1373\/revisions"}],"predecessor-version":[{"id":1557,"href":"https:\/\/steffi-eller.com\/index.php?rest_route=\/wp\/v2\/pages\/1373\/revisions\/1557"}],"wp:attachment":[{"href":"https:\/\/steffi-eller.com\/index.php?rest_route=%2Fwp%2Fv2%2Fmedia&parent=1373"}],"curies":[{"name":"wp","href":"https:\/\/api.w.org\/{rel}","templated":true}]}}