{"id":1188,"date":"2022-07-25T15:42:54","date_gmt":"2022-07-25T13:42:54","guid":{"rendered":"http:\/\/www.menzenberg.com\/?page_id=1188"},"modified":"2022-08-12T13:52:43","modified_gmt":"2022-08-12T11:52:43","slug":"1188-2","status":"publish","type":"page","link":"https:\/\/steffi-eller.com\/?page_id=1188","title":{"rendered":"Online Informationsveranstaltung zu  Coaching und Kunsttherapie"},"content":{"rendered":"\n<h2 class=\"wp-block-heading\">Online <strong>Informationsveranstaltung zu  Coaching und Kunsttherapie<\/strong> &#8211; kostenlos<\/h2>\n\n\n\n<p>&#8211; in Kooperation mit dem Verein Gesundheit und Lebenskunst &#8211;<\/p>\n\n\n\n<p>Wir ver\u00e4ndern uns stetig. Absichtlich oder ungeplant. Zum Gl\u00fcck h\u00e4ufig ohne auf zun\u00e4chst unl\u00f6sbare Schwierigkeiten zu sto\u00dfen. Aber manchmal eben auch nicht und man sitzt in einer Krise, die auch krank machen kann.<\/p>\n\n\n\n<p>Vorbeugend kann man sich an einem Coach seines Vertrauens wenden. Coaches k\u00f6nnen helfen den f\u00fcr dich richtigen Weg zu finden. Deinen Weg &#8211; keine vorgefertigten Rezepte.<\/p>\n\n\n\n<p>Auch bei Fragen der pers\u00f6nlichen Entfaltung, deiner Lebensplanung, deiner eigenen St\u00e4rken, deiner Werte, deiner Beziehung zu Partner, Kindern oder Eltern hilft ein Blick von Au\u00dfen um klarer zu sehen.<\/p>\n\n\n\n<p>Mein Ziel ist es, dass Coaching als das gesehen wird, was es bieten kann. Unser mentale Gesunderhaltung zu erhalten oder wieder herzustellen.<\/p>\n\n\n\n<p>In der Info-Veranstaltung berichte ich \u00fcber verschiedene Coaching Anl\u00e4sse, den Ablauf einer Coaching Sitzung und gebe einen \u00dcberblick \u00fcber die Vielfalt an Methoden die evtl. angewandt werden.<\/p>\n\n\n\n<p>Und es gibt viel Zeit f\u00fcr Fragen.<\/p>\n\n\n\n<p>kostenlose Info-Veranstaltung &#8211; online   <\/p>\n\n\n\n<p><a href=\"https:\/\/steffi-eller.com\/?page_id=277\">Termine und Anmeldung <\/a><\/p>\n\n\n\n<h2 class=\"wp-block-heading\">&nbsp;<\/h2>\n\n\n\n<figure class=\"wp-block-image\"><img loading=\"lazy\" decoding=\"async\" width=\"300\" height=\"112\" src=\"https:\/\/steffi-eller.com\/wp-content\/uploads\/2020\/03\/Logo-2BG-2B-26-2BL-2BHochformat-cb4f5b5d-300x112.png\" alt=\"\" class=\"wp-image-940\" srcset=\"https:\/\/steffi-eller.com\/wp-content\/uploads\/2020\/03\/Logo-2BG-2B-26-2BL-2BHochformat-cb4f5b5d-300x112.png 300w, https:\/\/steffi-eller.com\/wp-content\/uploads\/2020\/03\/Logo-2BG-2B-26-2BL-2BHochformat-cb4f5b5d.png 722w\" sizes=\"auto, (max-width: 300px) 100vw, 300px\" \/><\/figure>\n\n\n\n<figure class=\"wp-block-image size-full\"><img loading=\"lazy\" decoding=\"async\" width=\"640\" height=\"480\" src=\"https:\/\/steffi-eller.com\/wp-content\/uploads\/2019\/02\/IMG_7624.jpg\" alt=\"\" class=\"wp-image-511\" srcset=\"https:\/\/steffi-eller.com\/wp-content\/uploads\/2019\/02\/IMG_7624.jpg 640w, https:\/\/steffi-eller.com\/wp-content\/uploads\/2019\/02\/IMG_7624-300x225.jpg 300w\" sizes=\"auto, (max-width: 640px) 100vw, 640px\" \/><figcaption>Vielfalt, Coaching, Systemische Aufstellungen, Familienaufstellungen<\/figcaption><\/figure>\n","protected":false},"excerpt":{"rendered":"<p>Online Informationsveranstaltung zu Coaching und Kunsttherapie &#8211; kostenlos &#8211; in Kooperation mit dem Verein Gesundheit und Lebenskunst &#8211; Wir ver\u00e4ndern uns stetig. Absichtlich oder ungeplant. Zum Gl\u00fcck h\u00e4ufig ohne auf zun\u00e4chst unl\u00f6sbare Schwierigkeiten zu sto\u00dfen. Aber manchmal eben auch nicht und man sitzt in einer Krise, die auch krank machen kann. Vorbeugend kann man sich &hellip; <\/p>\n<p class=\"link-more\"><a href=\"https:\/\/steffi-eller.com\/?page_id=1188\" class=\"more-link\"><span class=\"screen-reader-text\">\u201eOnline Informationsveranstaltung zu  Coaching und Kunsttherapie\u201c<\/span> weiterlesen<\/a><\/p>\n","protected":false},"author":1,"featured_media":511,"parent":0,"menu_order":0,"comment_status":"closed","ping_status":"closed","template":"","meta":{"footnotes":""},"class_list":["post-1188","page","type-page","status-publish","has-post-thumbnail","hentry"],"_links":{"self":[{"href":"https:\/\/steffi-eller.com\/index.php?rest_route=\/wp\/v2\/pages\/1188","targetHints":{"allow":["GET"]}}],"collection":[{"href":"https:\/\/steffi-eller.com\/index.php?rest_route=\/wp\/v2\/pages"}],"about":[{"href":"https:\/\/steffi-eller.com\/index.php?rest_route=\/wp\/v2\/types\/page"}],"author":[{"embeddable":true,"href":"https:\/\/steffi-eller.com\/index.php?rest_route=\/wp\/v2\/users\/1"}],"replies":[{"embeddable":true,"href":"https:\/\/steffi-eller.com\/index.php?rest_route=%2Fwp%2Fv2%2Fcomments&post=1188"}],"version-history":[{"count":8,"href":"https:\/\/steffi-eller.com\/index.php?rest_route=\/wp\/v2\/pages\/1188\/revisions"}],"predecessor-version":[{"id":1275,"href":"https:\/\/steffi-eller.com\/index.php?rest_route=\/wp\/v2\/pages\/1188\/revisions\/1275"}],"wp:featuredmedia":[{"embeddable":true,"href":"https:\/\/steffi-eller.com\/index.php?rest_route=\/wp\/v2\/media\/511"}],"wp:attachment":[{"href":"https:\/\/steffi-eller.com\/index.php?rest_route=%2Fwp%2Fv2%2Fmedia&parent=1188"}],"curies":[{"name":"wp","href":"https:\/\/api.w.org\/{rel}","templated":true}]}}